{"id":17034,"date":"2021-02-09T17:02:55","date_gmt":"2021-02-09T16:02:55","guid":{"rendered":"https:\/\/ari26.arabregionhub.net\/?page_id=17034"},"modified":"2023-01-09T16:32:22","modified_gmt":"2023-01-09T15:32:22","slug":"17034-2","status":"publish","type":"page","link":"https:\/\/ari26.arabregionhub.net\/fr\/17034-2\/","title":{"rendered":"Prix Etudiant"},"content":{"rendered":"<p>Bienvenue sur notre page d\u00e9di\u00e9e au prix \u00e9tudiant !<\/p>\n<p>Lanc\u00e9 pour la premi\u00e8re fois en 2020, la comp\u00e9tition donne aux auteurs jeunes et d\u00e9butant l'opportunit\u00e9 d'\u00e9crire sur des sujets divers qui s'alignent avec le travail d'ARI.<\/p>\n<p><strong><em>Le prochain appel sera lanc\u00e9 en 2023.<\/em><\/strong><\/p>\n<p><img loading=\"lazy\" decoding=\"async\" class=\"alignnone size-medium wp-image-23576\" src=\"https:\/\/d2uecu6cucl1lj.cloudfront.net\/ari\/2022\/08\/25181157\/Student-winner-website-720x377.jpg\" alt=\"\" width=\"720\" height=\"377\" srcset=\"https:\/\/d2uecu6cucl1lj.cloudfront.net\/ari\/2022\/08\/25181157\/Student-winner-website-720x377.jpg 720w, https:\/\/d2uecu6cucl1lj.cloudfront.net\/ari\/2022\/08\/25181157\/Student-winner-website-768x402.jpg 768w, https:\/\/d2uecu6cucl1lj.cloudfront.net\/ari\/2022\/08\/25181157\/Student-winner-website.jpg 1200w\" sizes=\"auto, (max-width: 720px) 100vw, 720px\" \/><\/p>\n<h2>Gagnants pr\u00e9c\u00e9dents<\/h2>\n<p>2022: <a href=\"https:\/\/ari26.arabregionhub.net\/people\/hamza-bensouda\/\">Hamza Bensouda<\/a>\u00a0sur \"<a href=\"https:\/\/ari26.arabregionhub.net\/publication\/lessons-from-moroccos-womens-rights-movement-overcoming-divisions-to-push-for-reforms\/\">Lessons from Morocco\u2019s women\u2019s rights movement: Overcoming divisions to push for reforms<\/a>\"(anglais)<\/p>\n<p>2021: <a href=\"https:\/\/ari26.arabregionhub.net\/people\/rory-quick\/\">Rory Quick<\/a>\u00a0sur\"<a href=\"https:\/\/ari26.arabregionhub.net\/publication\/how-can-activists-best-advance-environmental-reforms-in-mena\/\">How can activists best advance environmental reforms in MENA?<\/a>\" (anglais)<\/p>\n<p>2020: <a href=\"https:\/\/ari26.arabregionhub.net\/people\/amine-al-sharif\/\">Amine al-Sharif<\/a> sur \"<a href=\"https:\/\/ari26.arabregionhub.net\/publication\/diasporas-a-global-and-vibrant-force-for-arab-democratization\/\">How can diasporas support democratic transitions in the Arab world?<\/a>\" (anglais)\u00a0<\/p>\n","protected":false},"excerpt":{"rendered":"<p>Bienvenue sur notre page d\u00e9di\u00e9e au prix \u00e9tudiant ! Lanc\u00e9 pour la premi\u00e8re fois en 2020, la comp\u00e9tition donne aux auteurs jeunes et d\u00e9butant l&#8217;opportunit\u00e9 d&#8217;\u00e9crire sur des sujets divers qui s&#8217;alignent avec le travail d&#8217;ARI. Le prochain appel sera lanc\u00e9 en 2023. Gagnants pr\u00e9c\u00e9dents 2022: Hamza Bensouda\u00a0sur &#8220;Lessons from Morocco\u2019s women\u2019s rights movement: Overcoming divisions to push for reforms&#8221;(anglais) 2021: Rory Quick\u00a0sur&#8221;How can activists best advance environmental reforms in MENA?&#8221; (anglais) 2020: Amine al-Sharif sur &#8220;How can diasporas support democratic transitions in the Arab world?&#8221; (anglais)\u00a0<\/p>\n","protected":false},"author":7,"featured_media":17038,"parent":0,"menu_order":0,"comment_status":"closed","ping_status":"closed","template":"","meta":{"_acf_changed":false,"inline_featured_image":false,"footnotes":""},"class_list":["post-17034","page","type-page","status-publish","has-post-thumbnail","hentry"],"acf":[],"_links":{"self":[{"href":"https:\/\/ari26.arabregionhub.net\/fr\/wp-json\/wp\/v2\/pages\/17034","targetHints":{"allow":["GET"]}}],"collection":[{"href":"https:\/\/ari26.arabregionhub.net\/fr\/wp-json\/wp\/v2\/pages"}],"about":[{"href":"https:\/\/ari26.arabregionhub.net\/fr\/wp-json\/wp\/v2\/types\/page"}],"author":[{"embeddable":true,"href":"https:\/\/ari26.arabregionhub.net\/fr\/wp-json\/wp\/v2\/users\/7"}],"replies":[{"embeddable":true,"href":"https:\/\/ari26.arabregionhub.net\/fr\/wp-json\/wp\/v2\/comments?post=17034"}],"version-history":[{"count":8,"href":"https:\/\/ari26.arabregionhub.net\/fr\/wp-json\/wp\/v2\/pages\/17034\/revisions"}],"predecessor-version":[{"id":24269,"href":"https:\/\/ari26.arabregionhub.net\/fr\/wp-json\/wp\/v2\/pages\/17034\/revisions\/24269"}],"wp:featuredmedia":[{"embeddable":true,"href":"https:\/\/ari26.arabregionhub.net\/fr\/wp-json\/wp\/v2\/media\/17038"}],"wp:attachment":[{"href":"https:\/\/ari26.arabregionhub.net\/fr\/wp-json\/wp\/v2\/media?parent=17034"}],"curies":[{"name":"wp","href":"https:\/\/api.w.org\/{rel}","templated":true}]}}