{"id":16714,"date":"2018-08-30T14:03:29","date_gmt":"2018-08-30T12:03:29","guid":{"rendered":"https:\/\/ari26.arabregionhub.net\/?page_id=16714"},"modified":"2024-04-24T15:50:49","modified_gmt":"2024-04-24T13:50:49","slug":"accueil","status":"publish","type":"page","link":"https:\/\/ari26.arabregionhub.net\/fr\/","title":{"rendered":"Accueil"},"content":{"rendered":"<h2><a href=\"https:\/\/ari26.arabregionhub.net\/about-us\/\">Qui nous sommes<\/a><\/h2>\n<p>L'<strong>Initiative de r\u00e9forme arabe<\/strong> est un groupe de r\u00e9flexion arabe ind\u00e9pendant qui travaille avec des partenaires experts au Moyen-Orient et en Afrique du Nord et au-del\u00e0 pour articuler un programme local de changement d\u00e9mocratique et de justice sociale. Il m\u00e8ne des recherches et des analyses politiques et fournit une plate-forme pour des voix inspirantes bas\u00e9es sur les principes de diversit\u00e9, d'impartialit\u00e9 et d'\u00e9galit\u00e9 des sexes.<\/p>\n","protected":false},"excerpt":{"rendered":"<p>Qui nous sommes L&#8217;Initiative de r\u00e9forme arabe est un groupe de r\u00e9flexion arabe ind\u00e9pendant qui travaille avec des partenaires experts au Moyen-Orient et en Afrique du Nord et au-del\u00e0 pour articuler un programme local de changement d\u00e9mocratique et de justice sociale. Il m\u00e8ne des recherches et des analyses politiques et fournit une plate-forme pour des voix inspirantes bas\u00e9es sur les principes de diversit\u00e9, d&#8217;impartialit\u00e9 et d&#8217;\u00e9galit\u00e9 des sexes.<\/p>\n","protected":false},"author":1,"featured_media":0,"parent":0,"menu_order":0,"comment_status":"closed","ping_status":"open","template":"template-home.php","meta":{"_acf_changed":false,"inline_featured_image":false,"footnotes":""},"class_list":["post-16714","page","type-page","status-publish","hentry"],"acf":[],"_links":{"self":[{"href":"https:\/\/ari26.arabregionhub.net\/fr\/wp-json\/wp\/v2\/pages\/16714","targetHints":{"allow":["GET"]}}],"collection":[{"href":"https:\/\/ari26.arabregionhub.net\/fr\/wp-json\/wp\/v2\/pages"}],"about":[{"href":"https:\/\/ari26.arabregionhub.net\/fr\/wp-json\/wp\/v2\/types\/page"}],"author":[{"embeddable":true,"href":"https:\/\/ari26.arabregionhub.net\/fr\/wp-json\/wp\/v2\/users\/1"}],"replies":[{"embeddable":true,"href":"https:\/\/ari26.arabregionhub.net\/fr\/wp-json\/wp\/v2\/comments?post=16714"}],"version-history":[{"count":32,"href":"https:\/\/ari26.arabregionhub.net\/fr\/wp-json\/wp\/v2\/pages\/16714\/revisions"}],"predecessor-version":[{"id":31828,"href":"https:\/\/ari26.arabregionhub.net\/fr\/wp-json\/wp\/v2\/pages\/16714\/revisions\/31828"}],"wp:attachment":[{"href":"https:\/\/ari26.arabregionhub.net\/fr\/wp-json\/wp\/v2\/media?parent=16714"}],"curies":[{"name":"wp","href":"https:\/\/api.w.org\/{rel}","templated":true}]}}