{"id":26358,"date":"2023-07-26T18:33:53","date_gmt":"2023-07-26T16:33:53","guid":{"rendered":"https:\/\/ari26.arabregionhub.net\/?page_id=26358"},"modified":"2023-07-27T17:29:33","modified_gmt":"2023-07-27T15:29:33","slug":"%d8%a7%d9%84%d8%a3%d8%b1%d8%b4%d9%8a%d9%81-%d8%a7%d9%84%d8%b4%d9%81%d9%87%d9%8a-%d8%a7%d9%84%d8%ad%d9%85%d8%a7%d9%8a%d8%a9-%d8%a7%d9%84%d8%a7%d8%ac%d8%aa%d9%85%d8%a7%d8%b9%d9%8a%d8%a9-%d9%88%d8%a7","status":"publish","type":"page","link":"https:\/\/ari26.arabregionhub.net\/ar\/%d8%a7%d9%84%d8%a3%d8%b1%d8%b4%d9%8a%d9%81-%d8%a7%d9%84%d8%b4%d9%81%d9%87%d9%8a-%d8%a7%d9%84%d8%ad%d9%85%d8%a7%d9%8a%d8%a9-%d8%a7%d9%84%d8%a7%d8%ac%d8%aa%d9%85%d8%a7%d8%b9%d9%8a%d8%a9-%d9%88%d8%a7\/","title":{"rendered":"\u0623\u0631\u0634\u064a\u0641 \u0627\u0644\u062a\u0627\u0631\u064a\u062e \u0627\u0644\u0634\u0641\u0647\u064a - \u0627\u0644\u062d\u0645\u0627\u064a\u0629 \u0627\u0644\u0627\u062c\u062a\u0645\u0627\u0639\u064a\u0629 \u0648\u0627\u0644\u062a\u0636\u0627\u0645\u0646 | Archive d'Histoire Orale - Protection Sociale et Solidarit\u00e9"},"content":{"rendered":"<p><img loading=\"lazy\" decoding=\"async\" class=\"alignnone size-medium wp-image-27420\" src=\"https:\/\/d2uecu6cucl1lj.cloudfront.net\/ari\/2023\/07\/25180943\/Artboard-1-AR-H_-720x375.jpg\" alt=\"\" width=\"1040\" height=\"750\" \/><\/p>\n<p>\u0633\u0644\u0633\u0644\u0629 \u0645\u0646 \u0627\u0644\u0645\u0642\u0627\u0628\u0644\u0627\u062a \u0645\u0639 \u0623\u0634\u062e\u0627\u0635 \u0645\u062a\u0646\u0648\u0639\u064a\u0646 \u064a\u0639\u064a\u0634\u0648\u0646 \u0641\u064a \u0627\u0644\u0645\u0646\u0637\u0642\u0629 \u0627\u0644\u0646\u0627\u0637\u0642\u0629 \u0628\u0627\u0644\u0639\u0631\u0628\u064a\u0629 \u062d\u0648\u0644 \u0627\u0644\u0647\u0634\u0627\u0634\u0629 \u0648\u0627\u0644\u0641\u0642\u0631 \u0648\u0627\u0644\u062d\u0645\u0627\u064a\u0629.<\/p>\n<p>\u062a\u062a\u0645 \u0645\u0634\u0627\u0631\u0643\u0629 \u0627\u0644\u062a\u062c\u0627\u0631\u0628 \u0648\u0627\u0644\u0623\u0641\u0643\u0627\u0631 \u062d\u0648\u0644 \u0627\u0644\u0635\u062d\u0629 \u0648\u0627\u0644\u0639\u0645\u0644 \u0648\u0639\u062f\u0645 \u0627\u0644\u0645\u0633\u0627\u0648\u0627\u0629 \u0648\u0627\u0644\u0645\u062c\u062a\u0645\u0639 \u0641\u064a \u0647\u0630\u0647 \u0627\u0644\u0645\u062c\u0645\u0648\u0639\u0629 \u0645\u0646 \u0627\u0644\u0645\u0642\u0627\u0628\u0644\u0627\u062a \u0627\u0644\u0642\u0635\u064a\u0631\u0629 \u0627\u0644\u062a\u064a \u0623\u0646\u062a\u062c\u062a\u0647\u0627 \u0645\u0646\u0638\u0645\u0629 \u0634\u0631\u0642 \u0636\u0645\u0646 \u0625\u0637\u0627\u0631 \u0645\u0646\u0635\u062a\u0647\u0627 \u0627\u0644\u0645\u0633\u0645\u0627\u0629 <strong><a href=\"https:\/\/tarikhi.org\/collection\/%d8%a7%d9%84%d8%ad%d9%85%d8%a7%d9%8a%d8%a9-%d8%a7%d9%84%d8%a7%d8%ac%d8%aa%d9%85%d8%a7%d8%b9%d9%8a%d8%a9-%d9%88%d8%a7%d9%84%d8%aa%d8%b6%d8%a7%d9%85%d9%86\/?lang=ar\" target=\"_blank\" rel=\"noopener\">\u062a\u0627\u0631\u064a\u062e\u064a<\/a><\/strong> \u0648\u0628\u0627\u0644\u062a\u0639\u0627\u0648\u0646 \u0645\u0639 \u0645\u0628\u0627\u062f\u0631\u0629 \u0627\u0644\u0625\u0635\u0644\u0627\u062d \u0627\u0644\u0639\u0631\u0628\u064a. \u0648\u0630\u0644\u0643 \u0628\u0647\u062f\u0641 \u0627\u0644\u062a\u0639\u0631\u0651\u0641 \u0639\u0644\u0649 \u0645\u0639\u0627\u0646\u0627\u0629 \u0648\u062a\u062c\u0627\u0631\u0628 \u0648\u0633\u0631\u062f\u064a\u0627\u062a \u0623\u0641\u0631\u0627\u062f \u0645\u0646 \u0627\u0644\u0641\u0626\u0627\u062a \u0627\u0644\u0647\u0634\u0629 \u0627\u0644\u0623\u0643\u062b\u0631 \u062a\u0623\u062b\u0631\u0627\u064b \u0628\u0627\u0644\u0623\u0632\u0645\u0627\u062a \u0627\u0644\u0645\u062a\u0639\u0627\u0642\u0628\u0629 \u0648\u0627\u0644\u0645\u062a\u062f\u0627\u062e\u0644\u0629 \u0627\u0644\u062a\u064a \u0637\u0627\u0644\u062a \u0627\u0644\u0645\u0646\u0637\u0642\u0629 \u0627\u0644\u0639\u0631\u0628\u064a\u0629 \u0641\u064a \u0627\u0644\u0633\u0646\u0648\u0627\u062a \u0627\u0644\u062b\u0644\u0627\u062b \u0627\u0644\u0623\u062e\u064a\u0631\u0629.<\/p>\n<p>\u0644\u0642\u0631\u0627\u0621\u0629 \u062a\u0641\u0631\u064a\u063a \u0623\u064a \u0645\u0642\u0627\u0628\u0644\u0629\u060c \u064a\u0631\u062c\u0649 \u0627\u0644\u0636\u063a\u0637 \u00a0\u0639\u0644\u0649 \u0627\u0644\u0631\u0627\u0628\u0637 \u0627\u0644\u062e\u0627\u0635 \u0628\u062a\u0633\u062c\u064a\u0644\u0647\u0627.<\/p>\n<p>La s\u00e9rie suivante comprend plusieurs entretiens avec des personnes diverses vivant dans la r\u00e9gion arabophone sur la vulnerabilit\u00e9, la pauvret\u00e9 et la protection sociale. A travers ces courtes interviews, r\u00e9alis\u00e9es par Sharq.Org dans le cadre de sa plateforme intitul\u00e9e <a href=\"https:\/\/tarikhi.org\/collection\/social-protection-solidarity\/\" target=\"_blank\" rel=\"noopener\">Tarikhi<\/a> et en coop\u00e9ration avec l'Arab Reform Initiative, ces personnes partagent leurs exp\u00e9riences et r\u00e9flechissent sur des th\u00e9matiques tels que <span class=\"ui-provider hb b c d e f g h i j k l m n o p q r s t u v w x y z ab ac ae af ag ah ai aj ak\">la sant\u00e9, le travail, les in\u00e9galit\u00e9s et la communaut\u00e9. Ce projet a pour but d'identifier les souffrances, les exp\u00e9riences et les r\u00e9cits des individus des groupes vuln\u00e9rables les plus touch\u00e9s par les crises successives et superpos\u00e9es dans la r\u00e9gion Arabe au cours des trois derni\u00e8res ann\u00e9es. <\/p>\n<p>Chaque interview est accompagn\u00e9e de sa transcription, accessible par le lien correspondant \u00e0 l'enregistrement concern\u00e9.<\/p>\n<p>Les deux entretiens en fran\u00e7ais avec Amina Khaed et Amina Amharech se trouvent en bas de la page<\/p>\n<p style=\"font-size: 15px; color: #6250a1; line-break: anywhere; word-break: normal; overflow: hidden; white-space: nowrap; text-overflow: ellipsis; font-family: Interstate,Lucida Grande,Lucida Sans Unicode,Lucida Sans,Garuda,Verdana,Tahoma,sans-serif; font-weight: 100;\"><strong><a style=\"color: #6250a1; text-decoration: none;\" title=\"Sharq.Org\" href=\"https:\/\/soundcloud.com\/sharqorg\" target=\"_blank\" rel=\"noopener\">Sharq.Org<\/a> \u00b7 <a style=\"color: #6250a1; text-decoration: none;\" title=\"\u0631\u062d\u064a\u0644 \u0632\u0627\u063a\u064a\u060c \u0623\u062b\u064a\u0648\u0628\u064a\u0629 \u0641\u064a \u0644\u0628\u0646\u0627\u0646\" href=\"https:\/\/soundcloud.com\/sharqorg\/fxzvb3gjdibu\" target=\"_blank\" rel=\"noopener\">\u0631\u062d\u064a\u0644 \u0632\u0627\u063a\u064a\u060c \u0623\u062b\u064a\u0648\u0628\u064a\u0629 \u0641\u064a \u0644\u0628\u0646\u0627\u0646<\/a><\/strong><\/p>\n<p><iframe loading=\"lazy\" src=\"https:\/\/w.soundcloud.com\/player\/?url=https%3A\/\/api.soundcloud.com\/tracks\/1469255506&amp;color=ff5500\" width=\"100%\" height=\"166\" frameborder=\"no\" scrolling=\"no\"><\/iframe><\/p>\n<p style=\"font-size: 15px; color: #6250a1; line-break: anywhere; word-break: normal; overflow: hidden; white-space: nowrap; text-overflow: ellipsis; font-family: Interstate,Lucida Grande,Lucida Sans Unicode,Lucida Sans,Garuda,Verdana,Tahoma,sans-serif; font-weight: 100;\"><strong><a style=\"color: #6250a1; text-decoration: none;\" title=\"Sharq.Org\" href=\"https:\/\/soundcloud.com\/sharqorg\" target=\"_blank\" rel=\"noopener\">Sharq.Org<\/a> \u00b7 <a style=\"color: #6250a1; text-decoration: none;\" title=\"\u0644\u064a\u0627 \u0632\u0631\u064a\u0642\u0629\u060c \u0644\u0628\u0646\u0627\u0646\" href=\"https:\/\/soundcloud.com\/sharqorg\/t62q6lnoixzb\" target=\"_blank\" rel=\"noopener\">\u0644\u064a\u0627 \u0632\u0631\u064a\u0642\u0629\u060c \u0644\u0628\u0646\u0627\u0646<\/a><\/strong><\/p>\n<p><iframe loading=\"lazy\" src=\"https:\/\/w.soundcloud.com\/player\/?url=https%3A\/\/api.soundcloud.com\/tracks\/1469255491&amp;color=ff5500\" width=\"100%\" height=\"166\" frameborder=\"no\" scrolling=\"no\"><\/iframe><\/p>\n<p style=\"font-size: 15px; color: #6250a1; line-break: anywhere; word-break: normal; overflow: hidden; white-space: nowrap; text-overflow: ellipsis; font-family: Interstate,Lucida Grande,Lucida Sans Unicode,Lucida Sans,Garuda,Verdana,Tahoma,sans-serif; font-weight: 100;\"><strong><a style=\"color: #6250a1; text-decoration: none;\" title=\"Sharq.Org\" href=\"https:\/\/soundcloud.com\/sharqorg\" target=\"_blank\" rel=\"noopener\">Sharq.Org<\/a> \u00b7 <a style=\"color: #6250a1; text-decoration: none;\" title=\"\u0623\u062d\u0645\u062f \u0645\u062e\u062a\u0627\u0631\u060c \u0645\u0635\u0631\" href=\"https:\/\/soundcloud.com\/sharqorg\/ici5cx8unbgs\" target=\"_blank\" rel=\"noopener\">\u0623\u062d\u0645\u062f \u0645\u062e\u062a\u0627\u0631\u060c \u0645\u0635\u0631<\/a><\/strong><\/p>\n<p><iframe loading=\"lazy\" src=\"https:\/\/w.soundcloud.com\/player\/?url=https%3A\/\/api.soundcloud.com\/tracks\/1469255488&amp;color=ff5500\" width=\"100%\" height=\"166\" frameborder=\"no\" scrolling=\"no\"><\/iframe><\/p>\n<p style=\"font-size: 15px; color: #6250a1; line-break: anywhere; word-break: normal; overflow: hidden; white-space: nowrap; text-overflow: ellipsis; font-family: Interstate,Lucida Grande,Lucida Sans Unicode,Lucida Sans,Garuda,Verdana,Tahoma,sans-serif; font-weight: 100;\"><strong><a style=\"color: #6250a1; text-decoration: none;\" title=\"Sharq.Org\" href=\"https:\/\/soundcloud.com\/sharqorg\" target=\"_blank\" rel=\"noopener\">Sharq.Org<\/a> \u00b7 <a style=\"color: #6250a1; text-decoration: none;\" title=\"\u0625\u064a\u0645\u0627\u0646 \u0641\u062a\u062d \u0627\u0644\u0644\u0647\u060c \u0644\u0628\u0646\u0627\u0646\" href=\"https:\/\/soundcloud.com\/sharqorg\/vkljkx6xdw1y\" target=\"_blank\" rel=\"noopener\">\u0625\u064a\u0645\u0627\u0646 \u0641\u062a\u062d \u0627\u0644\u0644\u0647\u060c \u0644\u0628\u0646\u0627\u0646<\/a><\/strong><\/p>\n<p><iframe loading=\"lazy\" src=\"https:\/\/w.soundcloud.com\/player\/?url=https%3A\/\/api.soundcloud.com\/tracks\/1469255503&amp;color=ff5500\" width=\"100%\" height=\"166\" frameborder=\"no\" scrolling=\"no\"><\/iframe><\/p>\n<p style=\"font-size: 15px; color: #6250a1; line-break: anywhere; word-break: normal; overflow: hidden; white-space: nowrap; text-overflow: ellipsis; font-family: Interstate,Lucida Grande,Lucida Sans Unicode,Lucida Sans,Garuda,Verdana,Tahoma,sans-serif; font-weight: 100;\"><strong><a style=\"color: #6250a1; text-decoration: none;\" title=\"Sharq.Org\" href=\"https:\/\/soundcloud.com\/sharqorg\" target=\"_blank\" rel=\"noopener\">Sharq.Org<\/a> \u00b7 <a style=\"color: #6250a1; text-decoration: none;\" title=\"\u0631\u0648\u064a\u062f\u0627 \u0639\u0644\u0648\u0627\u0646 \u060c \u0644\u0628\u0646\u0627\u0646\" href=\"https:\/\/soundcloud.com\/sharqorg\/j5a1xzylrmc7\" target=\"_blank\" rel=\"noopener\">\u0631\u0648\u064a\u062f\u0627 \u0639\u0644\u0648\u0627\u0646 \u060c \u0644\u0628\u0646\u0627\u0646<\/a><\/strong><\/p>\n<p><iframe loading=\"lazy\" src=\"https:\/\/w.soundcloud.com\/player\/?url=https%3A\/\/api.soundcloud.com\/tracks\/1469255485&amp;color=ff5500\" width=\"100%\" height=\"166\" frameborder=\"no\" scrolling=\"no\"><\/iframe><\/p>\n<p style=\"font-size: 15px; color: #6250a1; line-break: anywhere; word-break: normal; overflow: hidden; white-space: nowrap; text-overflow: ellipsis; font-family: Interstate,Lucida Grande,Lucida Sans Unicode,Lucida Sans,Garuda,Verdana,Tahoma,sans-serif; font-weight: 100;\"><strong><a style=\"color: #6250a1; text-decoration: none;\" title=\"Sharq.Org\" href=\"https:\/\/soundcloud.com\/sharqorg\" target=\"_blank\" rel=\"noopener\">Sharq.Org<\/a> \u00b7 <a style=\"color: #6250a1; text-decoration: none;\" title=\"\u0634\u0630\u0649 \u0623\u0628\u0648 \u0633\u0631\u0648\u0631\u060c \u0641\u0644\u0633\u0637\u064a\u0646\" href=\"https:\/\/soundcloud.com\/sharqorg\/w8xczedfbfm1\" target=\"_blank\" rel=\"noopener\">\u0634\u0630\u0649 \u0623\u0628\u0648 \u0633\u0631\u0648\u0631\u060c \u0641\u0644\u0633\u0637\u064a\u0646<\/a><\/strong><\/p>\n<p><iframe loading=\"lazy\" src=\"https:\/\/w.soundcloud.com\/player\/?url=https%3A\/\/api.soundcloud.com\/tracks\/1473927187&amp;color=ff5500\" width=\"100%\" height=\"166\" frameborder=\"no\" scrolling=\"no\"><\/iframe><\/p>\n<p style=\"font-size: 15px; color: #6250a1; line-break: anywhere; word-break: normal; overflow: hidden; white-space: nowrap; text-overflow: ellipsis; font-family: Interstate,Lucida Grande,Lucida Sans Unicode,Lucida Sans,Garuda,Verdana,Tahoma,sans-serif; font-weight: 100;\"><strong><a style=\"color: #6250a1; text-decoration: none;\" title=\"Sharq.Org\" href=\"https:\/\/soundcloud.com\/sharqorg\" target=\"_blank\" rel=\"noopener\">Sharq.Org<\/a> \u00b7 <a style=\"color: #6250a1; text-decoration: none;\" title=\"\u0645\u0646\u0649 \u062d\u0628\u064a\u0628\u060c \u0645\u0635\u0631\" href=\"https:\/\/soundcloud.com\/sharqorg\/prdd4klaewsw\" target=\"_blank\" rel=\"noopener\">\u0645\u0646\u0649 \u062d\u0628\u064a\u0628\u060c \u0645\u0635\u0631<\/a><\/strong><\/p>\n<p><iframe loading=\"lazy\" src=\"https:\/\/w.soundcloud.com\/player\/?url=https%3A\/\/api.soundcloud.com\/tracks\/1469255509&amp;color=ff5500\" width=\"100%\" height=\"166\" frameborder=\"no\" scrolling=\"no\"><\/iframe><\/p>\n<p style=\"font-size: 15px; color: #6250a1; line-break: anywhere; word-break: normal; overflow: hidden; white-space: nowrap; text-overflow: ellipsis; font-family: Interstate,Lucida Grande,Lucida Sans Unicode,Lucida Sans,Garuda,Verdana,Tahoma,sans-serif; font-weight: 100;\"><strong><a style=\"color: #6250a1; text-decoration: none;\" title=\"Sharq.Org\" href=\"https:\/\/soundcloud.com\/sharqorg\" target=\"_blank\" rel=\"noopener\">Sharq.Org<\/a> \u00b7 <a style=\"color: #6250a1; text-decoration: none;\" title=\"\u0646\u0648\u0631\u0629 \u0646\u0648\u0631\u0627\u0644\u0644\u0647\u060c \u0645\u0635\u0631\u064a\u0629 \u0641\u064a \u0623\u0644\u0645\u0627\u0646\u064a\u0627\" href=\"https:\/\/soundcloud.com\/sharqorg\/ccr4jnof8ubh\" target=\"_blank\" rel=\"noopener\">\u0646\u0648\u0631\u0629 \u0646\u0648\u0631\u0627\u0644\u0644\u0647\u060c \u0645\u0635\u0631\u064a\u0629 \u0641\u064a \u0623\u0644\u0645\u0627\u0646\u064a\u0627<\/a><\/strong><\/p>\n<p><iframe loading=\"lazy\" src=\"https:\/\/w.soundcloud.com\/player\/?url=https%3A\/\/api.soundcloud.com\/tracks\/1469255515&amp;color=ff5500\" width=\"100%\" height=\"166\" frameborder=\"no\" scrolling=\"no\"><\/iframe><\/p>\n<p style=\"font-size: 15px; color: #6250a1; line-break: anywhere; word-break: normal; overflow: hidden; white-space: nowrap; text-overflow: ellipsis; font-family: Interstate,Lucida Grande,Lucida Sans Unicode,Lucida Sans,Garuda,Verdana,Tahoma,sans-serif; font-weight: 100;\"><strong><a style=\"color: #6250a1; text-decoration: none;\" title=\"Sharq.Org\" href=\"https:\/\/soundcloud.com\/sharqorg\" target=\"_blank\" rel=\"noopener\">Sharq.Org<\/a> \u00b7 <a style=\"color: #6250a1; text-decoration: none;\" title=\"\u0641\u0627\u062f\u064a\u0627\u060c \u0644\u0628\u0646\u0627\u0646\" href=\"https:\/\/soundcloud.com\/sharqorg\/eb6wfzwqqlr2\" target=\"_blank\" rel=\"noopener\">\u0641\u0627\u062f\u064a\u0627\u060c \u0644\u0628\u0646\u0627\u0646<\/a><\/strong><\/p>\n<p><iframe loading=\"lazy\" src=\"https:\/\/w.soundcloud.com\/player\/?url=https%3A\/\/api.soundcloud.com\/tracks\/1469255518&amp;color=ff5500\" width=\"100%\" height=\"166\" frameborder=\"no\" scrolling=\"no\"><\/iframe><\/p>\n<p style=\"font-size: 15px; color: #6250a1; line-break: anywhere; word-break: normal; overflow: hidden; white-space: nowrap; text-overflow: ellipsis; font-family: Interstate,Lucida Grande,Lucida Sans Unicode,Lucida Sans,Garuda,Verdana,Tahoma,sans-serif; font-weight: 100;\"><strong><a style=\"color: #6250a1; text-decoration: none;\" title=\"Sharq.Org\" href=\"https:\/\/soundcloud.com\/sharqorg\" target=\"_blank\" rel=\"noopener\">Sharq.Org<\/a> \u00b7 <a style=\"color: #6250a1; text-decoration: none;\" title=\"\u0645\u062d\u0645\u0648\u062f \u0634\u062d\u0627\u062f\u0647\u060c \u0644\u0628\u0646\u0627\u0646\" href=\"https:\/\/soundcloud.com\/sharqorg\/lsn2wmw0yd2v\" target=\"_blank\" rel=\"noopener\">\u0645\u062d\u0645\u0648\u062f \u0634\u062d\u0627\u062f\u0647\u060c \u0644\u0628\u0646\u0627\u0646<\/a><\/strong><\/p>\n<p><iframe loading=\"lazy\" src=\"https:\/\/w.soundcloud.com\/player\/?url=https%3A\/\/api.soundcloud.com\/tracks\/1469255530&amp;color=ff5500\" width=\"100%\" height=\"166\" frameborder=\"no\" scrolling=\"no\"><\/iframe><\/p>\n<p style=\"font-size: 15px; color: #6250a1; line-break: anywhere; word-break: normal; overflow: hidden; white-space: nowrap; text-overflow: ellipsis; font-family: Interstate,Lucida Grande,Lucida Sans Unicode,Lucida Sans,Garuda,Verdana,Tahoma,sans-serif; font-weight: 100;\"><strong><a style=\"color: #6250a1; text-decoration: none;\" title=\"Sharq.Org\" href=\"https:\/\/soundcloud.com\/sharqorg\" target=\"_blank\" rel=\"noopener\">Sharq.Org<\/a> \u00b7 <a style=\"color: #6250a1; text-decoration: none;\" title=\"Amina Khaled (Maroc) - en fran\u00e7ais\" href=\"https:\/\/soundcloud.com\/sharqorg\/qyjxlpivwwc1\" target=\"_blank\" rel=\"noopener\">Amina Khaled (Maroc) - en fran\u00e7ais<\/a><\/strong><\/p>\n<p><iframe loading=\"lazy\" src=\"https:\/\/w.soundcloud.com\/player\/?url=https%3A\/\/api.soundcloud.com\/tracks\/1469255479&amp;color=ff5500\" width=\"100%\" height=\"166\" frameborder=\"no\" scrolling=\"no\"><\/iframe><\/p>\n<p style=\"font-size: 15px; color: #6250a1; line-break: anywhere; word-break: normal; overflow: hidden; white-space: nowrap; text-overflow: ellipsis; font-family: Interstate,Lucida Grande,Lucida Sans Unicode,Lucida Sans,Garuda,Verdana,Tahoma,sans-serif; font-weight: 100;\"><strong><a style=\"color: #6250a1; text-decoration: none;\" title=\"Sharq.Org\" href=\"https:\/\/soundcloud.com\/sharqorg\" target=\"_blank\" rel=\"noopener\">Sharq.Org<\/a> \u00b7 <a style=\"color: #6250a1; text-decoration: none;\" title=\"Amina Amharech (Maroc) - en fran\u00e7ais\" href=\"https:\/\/soundcloud.com\/sharqorg\/y6doamdesm42\" target=\"_blank\" rel=\"noopener\">Amina Amharech (Maroc) - en fran\u00e7ais<\/a><\/strong><\/p>\n<p><iframe loading=\"lazy\" src=\"https:\/\/w.soundcloud.com\/player\/?url=https%3A\/\/api.soundcloud.com\/tracks\/1469255497&amp;color=ff5500\" width=\"100%\" height=\"166\" frameborder=\"no\" scrolling=\"no\"><\/iframe><\/p>\n","protected":false},"excerpt":{"rendered":"<p>\u0633\u0644\u0633\u0644\u0629 \u0645\u0646 \u0627\u0644\u0645\u0642\u0627\u0628\u0644\u0627\u062a \u0645\u0639 \u0623\u0634\u062e\u0627\u0635 \u0645\u062a\u0646\u0648\u0639\u064a\u0646 \u064a\u0639\u064a\u0634\u0648\u0646 \u0641\u064a \u0627\u0644\u0645\u0646\u0637\u0642\u0629 \u0627\u0644\u0646\u0627\u0637\u0642\u0629 \u0628\u0627\u0644\u0639\u0631\u0628\u064a\u0629 \u062d\u0648\u0644 \u0627\u0644\u0647\u0634\u0627\u0634\u0629 \u0648\u0627\u0644\u0641\u0642\u0631 \u0648\u0627\u0644\u062d\u0645\u0627\u064a\u0629. \u062a\u062a\u0645 \u0645\u0634\u0627\u0631\u0643\u0629 \u0627\u0644\u062a\u062c\u0627\u0631\u0628 \u0648\u0627\u0644\u0623\u0641\u0643\u0627\u0631 \u062d\u0648\u0644 \u0627\u0644\u0635\u062d\u0629 \u0648\u0627\u0644\u0639\u0645\u0644 \u0648\u0639\u062f\u0645 \u0627\u0644\u0645\u0633\u0627\u0648\u0627\u0629 \u0648\u0627\u0644\u0645\u062c\u062a\u0645\u0639 \u0641\u064a \u0647\u0630\u0647 \u0627\u0644\u0645\u062c\u0645\u0648\u0639\u0629 \u0645\u0646 \u0627\u0644\u0645\u0642\u0627\u0628\u0644\u0627\u062a \u0627\u0644\u0642\u0635\u064a\u0631\u0629 \u0627\u0644\u062a\u064a \u0623\u0646\u062a\u062c\u062a\u0647\u0627 \u0645\u0646\u0638\u0645\u0629 \u0634\u0631\u0642 \u0636\u0645\u0646 \u0625\u0637\u0627\u0631 \u0645\u0646\u0635\u062a\u0647\u0627 \u0627\u0644\u0645\u0633\u0645\u0627\u0629 \u062a\u0627\u0631\u064a\u062e\u064a \u0648\u0628\u0627\u0644\u062a\u0639\u0627\u0648\u0646 \u0645\u0639 \u0645\u0628\u0627\u062f\u0631\u0629 \u0627\u0644\u0625\u0635\u0644\u0627\u062d \u0627\u0644\u0639\u0631\u0628\u064a. \u0648\u0630\u0644\u0643 \u0628\u0647\u062f\u0641 \u0627\u0644\u062a\u0639\u0631\u0651\u0641 \u0639\u0644\u0649 \u0645\u0639\u0627\u0646\u0627\u0629 \u0648\u062a\u062c\u0627\u0631\u0628 \u0648\u0633\u0631\u062f\u064a\u0627\u062a \u0623\u0641\u0631\u0627\u062f \u0645\u0646 \u0627\u0644\u0641\u0626\u0627\u062a \u0627\u0644\u0647\u0634\u0629 \u0627\u0644\u0623\u0643\u062b\u0631 \u062a\u0623\u062b\u0631\u0627\u064b \u0628\u0627\u0644\u0623\u0632\u0645\u0627\u062a \u0627\u0644\u0645\u062a\u0639\u0627\u0642\u0628\u0629 \u0648\u0627\u0644\u0645\u062a\u062f\u0627\u062e\u0644\u0629 \u0627\u0644\u062a\u064a \u0637\u0627\u0644\u062a \u0627\u0644\u0645\u0646\u0637\u0642\u0629 \u0627\u0644\u0639\u0631\u0628\u064a\u0629 \u0641\u064a \u0627\u0644\u0633\u0646\u0648\u0627\u062a \u0627\u0644\u062b\u0644\u0627\u062b \u0627\u0644\u0623\u062e\u064a\u0631\u0629. \u0644\u0642\u0631\u0627\u0621\u0629 \u062a\u0641\u0631\u064a\u063a \u0623\u064a \u0645\u0642\u0627\u0628\u0644\u0629\u060c \u064a\u0631\u062c\u0649 \u0627\u0644\u0636\u063a\u0637 \u00a0\u0639\u0644\u0649 \u0627\u0644\u0631\u0627\u0628\u0637 \u0627\u0644\u062e\u0627\u0635 \u0628\u062a\u0633\u062c\u064a\u0644\u0647\u0627. La s\u00e9rie suivante comprend plusieurs entretiens avec des personnes diverses vivant dans la r\u00e9gion arabophone sur la vulnerabilit\u00e9, la pauvret\u00e9 et la protection sociale. A travers ces courtes interviews, r\u00e9alis\u00e9es par Sharq.Org dans le cadre de sa plateforme intitul\u00e9e Tarikhi et en coop\u00e9ration avec l&#8217;Arab Reform Initiative, ces personnes partagent leurs exp\u00e9riences et r\u00e9flechissent sur des th\u00e9matiques tels que la sant\u00e9, le travail, les in\u00e9galit\u00e9s et la communaut\u00e9. Ce projet a pour but d&#8217;identifier les souffrances, les exp\u00e9riences et les r\u00e9cits des individus des groupes vuln\u00e9rables les plus touch\u00e9s par les crises successives et superpos\u00e9es dans la r\u00e9gion Arabe au cours des trois derni\u00e8res ann\u00e9es. Chaque interview est accompagn\u00e9e de sa transcription, accessible par le lien correspondant \u00e0 l&#8217;enregistrement concern\u00e9. Les deux entretiens en fran\u00e7ais avec Amina Khaed et Amina Amharech se trouvent en bas de la page Sharq.Org \u00b7 \u0631\u062d\u064a\u0644 \u0632\u0627\u063a\u064a\u060c \u0623\u062b\u064a\u0648\u0628\u064a\u0629 \u0641\u064a \u0644\u0628\u0646\u0627\u0646 Sharq.Org \u00b7 \u0644\u064a\u0627 \u0632\u0631\u064a\u0642\u0629\u060c \u0644\u0628\u0646\u0627\u0646 Sharq.Org \u00b7 \u0623\u062d\u0645\u062f \u0645\u062e\u062a\u0627\u0631\u060c \u0645\u0635\u0631 Sharq.Org \u00b7 \u0625\u064a\u0645\u0627\u0646 \u0641\u062a\u062d \u0627\u0644\u0644\u0647\u060c \u0644\u0628\u0646\u0627\u0646 Sharq.Org \u00b7 \u0631\u0648\u064a\u062f\u0627 \u0639\u0644\u0648\u0627\u0646 \u060c \u0644\u0628\u0646\u0627\u0646 Sharq.Org \u00b7 \u0634\u0630\u0649 \u0623\u0628\u0648 \u0633\u0631\u0648\u0631\u060c \u0641\u0644\u0633\u0637\u064a\u0646 Sharq.Org \u00b7 \u0645\u0646\u0649 \u062d\u0628\u064a\u0628\u060c \u0645\u0635\u0631 Sharq.Org \u00b7 \u0646\u0648\u0631\u0629 \u0646\u0648\u0631\u0627\u0644\u0644\u0647\u060c \u0645\u0635\u0631\u064a\u0629 \u0641\u064a \u0623\u0644\u0645\u0627\u0646\u064a\u0627 Sharq.Org \u00b7 \u0641\u0627\u062f\u064a\u0627\u060c \u0644\u0628\u0646\u0627\u0646 Sharq.Org \u00b7 \u0645\u062d\u0645\u0648\u062f \u0634\u062d\u0627\u062f\u0647\u060c \u0644\u0628\u0646\u0627\u0646 Sharq.Org \u00b7 Amina Khaled (Maroc) &#8211; en fran\u00e7ais Sharq.Org \u00b7 Amina Amharech (Maroc) &#8211; en fran\u00e7ais<\/p>\n","protected":false},"author":7,"featured_media":27420,"parent":0,"menu_order":0,"comment_status":"closed","ping_status":"closed","template":"","meta":{"_acf_changed":false,"inline_featured_image":false,"footnotes":""},"class_list":["post-26358","page","type-page","status-publish","has-post-thumbnail","hentry"],"acf":[],"_links":{"self":[{"href":"https:\/\/ari26.arabregionhub.net\/ar\/wp-json\/wp\/v2\/pages\/26358","targetHints":{"allow":["GET"]}}],"collection":[{"href":"https:\/\/ari26.arabregionhub.net\/ar\/wp-json\/wp\/v2\/pages"}],"about":[{"href":"https:\/\/ari26.arabregionhub.net\/ar\/wp-json\/wp\/v2\/types\/page"}],"author":[{"embeddable":true,"href":"https:\/\/ari26.arabregionhub.net\/ar\/wp-json\/wp\/v2\/users\/7"}],"replies":[{"embeddable":true,"href":"https:\/\/ari26.arabregionhub.net\/ar\/wp-json\/wp\/v2\/comments?post=26358"}],"version-history":[{"count":11,"href":"https:\/\/ari26.arabregionhub.net\/ar\/wp-json\/wp\/v2\/pages\/26358\/revisions"}],"predecessor-version":[{"id":27431,"href":"https:\/\/ari26.arabregionhub.net\/ar\/wp-json\/wp\/v2\/pages\/26358\/revisions\/27431"}],"wp:featuredmedia":[{"embeddable":true,"href":"https:\/\/ari26.arabregionhub.net\/ar\/wp-json\/wp\/v2\/media\/27420"}],"wp:attachment":[{"href":"https:\/\/ari26.arabregionhub.net\/ar\/wp-json\/wp\/v2\/media?parent=26358"}],"curies":[{"name":"wp","href":"https:\/\/api.w.org\/{rel}","templated":true}]}}